{"id":4158,"date":"2023-10-04T15:39:53","date_gmt":"2023-10-04T13:39:53","guid":{"rendered":"https:\/\/sp2212316.wpengine.com\/?page_id=4158"},"modified":"2023-11-08T06:16:25","modified_gmt":"2023-11-08T05:16:25","slug":"para-crear","status":"publish","type":"page","link":"https:\/\/zirce.es\/?page_id=4158","title":{"rendered":"PARA CREAR"},"content":{"rendered":"\t\t<div data-elementor-type=\"wp-page\" data-elementor-id=\"4158\" class=\"elementor elementor-4158\">\n\t\t\t\t\t\t<section class=\"elementor-section elementor-top-section elementor-element elementor-element-3388674 elementor-section-stretched elementor-section-full_width elementor-section-height-default elementor-section-height-default\" data-id=\"3388674\" data-element_type=\"section\" data-settings=\"{&quot;stretch_section&quot;:&quot;section-stretched&quot;,&quot;background_background&quot;:&quot;video&quot;,&quot;background_video_link&quot;:&quot;https:\\\/\\\/zirce.es\\\/wp-content\\\/uploads\\\/2023\\\/11\\\/ReelEstrategias-Banda-ancha-alta.mp4&quot;,&quot;background_play_on_mobile&quot;:&quot;yes&quot;}\">\n\t\t\t\t\t\t\t\t<div class=\"elementor-background-video-container\">\n\t\t\t\t\t\t\t\t\t\t\t\t\t<video class=\"elementor-background-video-hosted\" autoplay muted playsinline loop><\/video>\n\t\t\t\t\t\t\t\t\t\t\t<\/div>\n\t\t\t\t\t\t\t\t\t<div class=\"elementor-background-overlay\"><\/div>\n\t\t\t\t\t\t\t<div class=\"elementor-container elementor-column-gap-default\">\n\t\t\t\t\t<div class=\"elementor-column elementor-col-50 elementor-top-column elementor-element elementor-element-087820b elementor-invisible\" data-id=\"087820b\" data-element_type=\"column\" data-settings=\"{&quot;background_background&quot;:&quot;classic&quot;,&quot;animation&quot;:&quot;fadeInRight&quot;}\">\n\t\t\t<div class=\"elementor-widget-wrap elementor-element-populated\">\n\t\t\t\t\t\t<div class=\"elementor-element elementor-element-6b97d45 hero-h1 elementor-widget elementor-widget-heading\" data-id=\"6b97d45\" data-element_type=\"widget\" data-widget_type=\"heading.default\">\n\t\t\t\t<div class=\"elementor-widget-container\">\n\t\t\t\t\t<h1 class=\"elementor-heading-title elementor-size-default\">Desarrollamos estrategias de comunicaci\u00f3n y creatividad<\/h1>\t\t\t\t<\/div>\n\t\t\t\t<\/div>\n\t\t\t\t<div class=\"elementor-element elementor-element-7a3235c elementor-widget elementor-widget-text-editor\" data-id=\"7a3235c\" data-element_type=\"widget\" data-widget_type=\"text-editor.default\">\n\t\t\t\t<div class=\"elementor-widget-container\">\n\t\t\t\t\t\t\t\t\t\u00abNo es bonito si no vende\u00bb, esa es nuestra forma de pensar y crear. Definimos estrategias de comunicaci\u00f3n y promoci\u00f3n capaces de generar resultados rentables. Y no aceptamos otra creatividad que la que resulta coherente con el objetivo de vender. Huimos del narcisismo creativo que infecta el trabajo de las agencias tradicionales. Pensamos y creamos con un \u00fanico objetivo: vender.\t\t\t\t\t\t\t\t<\/div>\n\t\t\t\t<\/div>\n\t\t\t\t<div class=\"elementor-element elementor-element-4b50bc7 elementor-mobile-align-center button1 elementor-align-left elementor-widget elementor-widget-button\" data-id=\"4b50bc7\" data-element_type=\"widget\" data-widget_type=\"button.default\">\n\t\t\t\t<div class=\"elementor-widget-container\">\n\t\t\t\t\t\t\t\t\t<div class=\"elementor-button-wrapper\">\n\t\t\t\t\t<a class=\"elementor-button elementor-button-link elementor-size-sm\" href=\"https:\/\/zirce.es\/contactar\/\">\n\t\t\t\t\t\t<span class=\"elementor-button-content-wrapper\">\n\t\t\t\t\t\t\t\t\t<span class=\"elementor-button-text\">CONTACTAR<\/span>\n\t\t\t\t\t<\/span>\n\t\t\t\t\t<\/a>\n\t\t\t\t<\/div>\n\t\t\t\t\t\t\t\t<\/div>\n\t\t\t\t<\/div>\n\t\t\t\t\t<\/div>\n\t\t<\/div>\n\t\t\t\t<div class=\"elementor-column elementor-col-50 elementor-top-column elementor-element elementor-element-993b716 elementor-hidden-phone\" data-id=\"993b716\" data-element_type=\"column\">\n\t\t\t<div class=\"elementor-widget-wrap\">\n\t\t\t\t\t\t\t<\/div>\n\t\t<\/div>\n\t\t\t\t\t<\/div>\n\t\t<\/section>\n\t\t\t\t<\/div>\n\t\t","protected":false},"excerpt":{"rendered":"<p>Desarrollamos estrategias de comunicaci\u00f3n y creatividad \u00abNo es bonito si no vende\u00bb, esa es nuestra forma de pensar y crear. Definimos estrategias de comunicaci\u00f3n y promoci\u00f3n capaces de generar resultados rentables. Y no aceptamos otra creatividad que la que resulta coherente con el objetivo de vender. Huimos del narcisismo creativo que infecta el trabajo de [&hellip;]<\/p>\n","protected":false},"author":4,"featured_media":0,"parent":0,"menu_order":0,"comment_status":"closed","ping_status":"closed","template":"elementor_header_footer","meta":{"footnotes":""},"class_list":["post-4158","page","type-page","status-publish","hentry"],"yoast_head":"<!-- This site is optimized with the Yoast SEO plugin v24.4 - https:\/\/yoast.com\/wordpress\/plugins\/seo\/ -->\n<title>Estrategias de comunicaci\u00f3n | Espa\u00f1a | Zirce Servicios Globales<\/title>\n<meta name=\"description\" content=\"En Zirce Servicios Globales creamos estrategias de comunicaci\u00f3n llamativas que generan resultados de ventas en Espa\u00f1a. Escr\u00edbanos y trabaje con nosotros.\" \/>\n<meta name=\"robots\" content=\"noindex, follow, max-snippet:-1, max-image-preview:large, max-video-preview:-1\" \/>\n<meta property=\"og:locale\" content=\"es_ES\" \/>\n<meta property=\"og:type\" content=\"article\" \/>\n<meta property=\"og:title\" content=\"Estrategias de comunicaci\u00f3n | Espa\u00f1a | Zirce Servicios Globales\" \/>\n<meta property=\"og:description\" content=\"En Zirce Servicios Globales creamos estrategias de comunicaci\u00f3n llamativas que generan resultados de ventas en Espa\u00f1a. Escr\u00edbanos y trabaje con nosotros.\" \/>\n<meta property=\"og:url\" content=\"https:\/\/zirce.es\/?page_id=4158\" \/>\n<meta property=\"og:site_name\" content=\"Hello Elementor\" \/>\n<meta property=\"article:modified_time\" content=\"2023-11-08T05:16:25+00:00\" \/>\n<meta name=\"twitter:card\" content=\"summary_large_image\" \/>\n<meta name=\"twitter:label1\" content=\"Tiempo de lectura\" \/>\n\t<meta name=\"twitter:data1\" content=\"1 minuto\" \/>\n<script type=\"application\/ld+json\" class=\"yoast-schema-graph\">{\"@context\":\"https:\/\/schema.org\",\"@graph\":[{\"@type\":\"WebPage\",\"@id\":\"https:\/\/zirce.es\/?page_id=4158\",\"url\":\"https:\/\/zirce.es\/?page_id=4158\",\"name\":\"Estrategias de comunicaci\u00f3n | Espa\u00f1a | Zirce Servicios Globales\",\"isPartOf\":{\"@id\":\"https:\/\/zirce.es\/#website\"},\"datePublished\":\"2023-10-04T13:39:53+00:00\",\"dateModified\":\"2023-11-08T05:16:25+00:00\",\"description\":\"En Zirce Servicios Globales creamos estrategias de comunicaci\u00f3n llamativas que generan resultados de ventas en Espa\u00f1a. Escr\u00edbanos y trabaje con nosotros.\",\"breadcrumb\":{\"@id\":\"https:\/\/zirce.es\/?page_id=4158#breadcrumb\"},\"inLanguage\":\"es\",\"potentialAction\":[{\"@type\":\"ReadAction\",\"target\":[\"https:\/\/zirce.es\/?page_id=4158\"]}]},{\"@type\":\"BreadcrumbList\",\"@id\":\"https:\/\/zirce.es\/?page_id=4158#breadcrumb\",\"itemListElement\":[{\"@type\":\"ListItem\",\"position\":1,\"name\":\"Home\",\"item\":\"https:\/\/zirce.es\/\"},{\"@type\":\"ListItem\",\"position\":2,\"name\":\"PARA CREAR\"}]},{\"@type\":\"WebSite\",\"@id\":\"https:\/\/zirce.es\/#website\",\"url\":\"https:\/\/zirce.es\/\",\"name\":\"Hello Elementor\",\"description\":\"\",\"publisher\":{\"@id\":\"https:\/\/zirce.es\/#organization\"},\"potentialAction\":[{\"@type\":\"SearchAction\",\"target\":{\"@type\":\"EntryPoint\",\"urlTemplate\":\"https:\/\/zirce.es\/?s={search_term_string}\"},\"query-input\":{\"@type\":\"PropertyValueSpecification\",\"valueRequired\":true,\"valueName\":\"search_term_string\"}}],\"inLanguage\":\"es\"},{\"@type\":\"Organization\",\"@id\":\"https:\/\/zirce.es\/#organization\",\"name\":\"Hello Elementor\",\"url\":\"https:\/\/zirce.es\/\",\"logo\":{\"@type\":\"ImageObject\",\"inLanguage\":\"es\",\"@id\":\"https:\/\/zirce.es\/#\/schema\/logo\/image\/\",\"url\":\"https:\/\/zirce.es\/wp-content\/uploads\/2020\/08\/generic_logo.svg\",\"contentUrl\":\"https:\/\/zirce.es\/wp-content\/uploads\/2020\/08\/generic_logo.svg\",\"caption\":\"Hello Elementor\"},\"image\":{\"@id\":\"https:\/\/zirce.es\/#\/schema\/logo\/image\/\"}}]}<\/script>\n<!-- \/ Yoast SEO plugin. -->","yoast_head_json":{"title":"Estrategias de comunicaci\u00f3n | Espa\u00f1a | Zirce Servicios Globales","description":"En Zirce Servicios Globales creamos estrategias de comunicaci\u00f3n llamativas que generan resultados de ventas en Espa\u00f1a. Escr\u00edbanos y trabaje con nosotros.","robots":{"index":"noindex","follow":"follow","max-snippet":"max-snippet:-1","max-image-preview":"max-image-preview:large","max-video-preview":"max-video-preview:-1"},"og_locale":"es_ES","og_type":"article","og_title":"Estrategias de comunicaci\u00f3n | Espa\u00f1a | Zirce Servicios Globales","og_description":"En Zirce Servicios Globales creamos estrategias de comunicaci\u00f3n llamativas que generan resultados de ventas en Espa\u00f1a. Escr\u00edbanos y trabaje con nosotros.","og_url":"https:\/\/zirce.es\/?page_id=4158","og_site_name":"Hello Elementor","article_modified_time":"2023-11-08T05:16:25+00:00","twitter_card":"summary_large_image","twitter_misc":{"Tiempo de lectura":"1 minuto"},"schema":{"@context":"https:\/\/schema.org","@graph":[{"@type":"WebPage","@id":"https:\/\/zirce.es\/?page_id=4158","url":"https:\/\/zirce.es\/?page_id=4158","name":"Estrategias de comunicaci\u00f3n | Espa\u00f1a | Zirce Servicios Globales","isPartOf":{"@id":"https:\/\/zirce.es\/#website"},"datePublished":"2023-10-04T13:39:53+00:00","dateModified":"2023-11-08T05:16:25+00:00","description":"En Zirce Servicios Globales creamos estrategias de comunicaci\u00f3n llamativas que generan resultados de ventas en Espa\u00f1a. Escr\u00edbanos y trabaje con nosotros.","breadcrumb":{"@id":"https:\/\/zirce.es\/?page_id=4158#breadcrumb"},"inLanguage":"es","potentialAction":[{"@type":"ReadAction","target":["https:\/\/zirce.es\/?page_id=4158"]}]},{"@type":"BreadcrumbList","@id":"https:\/\/zirce.es\/?page_id=4158#breadcrumb","itemListElement":[{"@type":"ListItem","position":1,"name":"Home","item":"https:\/\/zirce.es\/"},{"@type":"ListItem","position":2,"name":"PARA CREAR"}]},{"@type":"WebSite","@id":"https:\/\/zirce.es\/#website","url":"https:\/\/zirce.es\/","name":"Hello Elementor","description":"","publisher":{"@id":"https:\/\/zirce.es\/#organization"},"potentialAction":[{"@type":"SearchAction","target":{"@type":"EntryPoint","urlTemplate":"https:\/\/zirce.es\/?s={search_term_string}"},"query-input":{"@type":"PropertyValueSpecification","valueRequired":true,"valueName":"search_term_string"}}],"inLanguage":"es"},{"@type":"Organization","@id":"https:\/\/zirce.es\/#organization","name":"Hello Elementor","url":"https:\/\/zirce.es\/","logo":{"@type":"ImageObject","inLanguage":"es","@id":"https:\/\/zirce.es\/#\/schema\/logo\/image\/","url":"https:\/\/zirce.es\/wp-content\/uploads\/2020\/08\/generic_logo.svg","contentUrl":"https:\/\/zirce.es\/wp-content\/uploads\/2020\/08\/generic_logo.svg","caption":"Hello Elementor"},"image":{"@id":"https:\/\/zirce.es\/#\/schema\/logo\/image\/"}}]}},"_links":{"self":[{"href":"https:\/\/zirce.es\/index.php?rest_route=\/wp\/v2\/pages\/4158","targetHints":{"allow":["GET"]}}],"collection":[{"href":"https:\/\/zirce.es\/index.php?rest_route=\/wp\/v2\/pages"}],"about":[{"href":"https:\/\/zirce.es\/index.php?rest_route=\/wp\/v2\/types\/page"}],"author":[{"embeddable":true,"href":"https:\/\/zirce.es\/index.php?rest_route=\/wp\/v2\/users\/4"}],"replies":[{"embeddable":true,"href":"https:\/\/zirce.es\/index.php?rest_route=%2Fwp%2Fv2%2Fcomments&post=4158"}],"version-history":[{"count":0,"href":"https:\/\/zirce.es\/index.php?rest_route=\/wp\/v2\/pages\/4158\/revisions"}],"wp:attachment":[{"href":"https:\/\/zirce.es\/index.php?rest_route=%2Fwp%2Fv2%2Fmedia&parent=4158"}],"curies":[{"name":"wp","href":"https:\/\/api.w.org\/{rel}","templated":true}]}}