{"id":4157,"date":"2023-10-04T15:37:54","date_gmt":"2023-10-04T13:37:54","guid":{"rendered":"https:\/\/sp2212316.wpengine.com\/?page_id=4157"},"modified":"2026-01-16T10:06:05","modified_gmt":"2026-01-16T09:06:05","slug":"la-solucion-integrada","status":"publish","type":"page","link":"https:\/\/zirce.es\/","title":{"rendered":"LA SOLUCI\u00d3N INTEGRADA"},"content":{"rendered":"\t\t<div data-elementor-type=\"wp-page\" data-elementor-id=\"4157\" class=\"elementor elementor-4157\">\n\t\t\t\t\t\t<section class=\"elementor-section elementor-top-section elementor-element elementor-element-e82a790 elementor-section-stretched elementor-section-full_width elementor-section-height-default elementor-section-height-default\" data-id=\"e82a790\" data-element_type=\"section\" data-settings=\"{&quot;stretch_section&quot;:&quot;section-stretched&quot;,&quot;background_background&quot;:&quot;video&quot;,&quot;background_video_link&quot;:&quot;https:\\\/\\\/zirce.es\\\/wp-content\\\/uploads\\\/2023\\\/11\\\/ReelTrabajos-Banda-ancha-alta.mp4&quot;,&quot;background_play_on_mobile&quot;:&quot;yes&quot;}\">\n\t\t\t\t\t\t\t\t<div class=\"elementor-background-video-container\">\n\t\t\t\t\t\t\t\t\t\t\t\t\t<video class=\"elementor-background-video-hosted\" autoplay muted playsinline loop><\/video>\n\t\t\t\t\t\t\t\t\t\t\t<\/div>\n\t\t\t\t\t\t\t\t\t<div class=\"elementor-background-overlay\"><\/div>\n\t\t\t\t\t\t\t<div class=\"elementor-container elementor-column-gap-default\">\n\t\t\t\t\t<div class=\"elementor-column elementor-col-50 elementor-top-column elementor-element elementor-element-8d493da elementor-invisible\" data-id=\"8d493da\" data-element_type=\"column\" data-settings=\"{&quot;background_background&quot;:&quot;classic&quot;,&quot;animation&quot;:&quot;fadeInRight&quot;}\">\n\t\t\t<div class=\"elementor-widget-wrap elementor-element-populated\">\n\t\t\t\t\t\t<div class=\"elementor-element elementor-element-5d5fe67 hero-h1 elementor-widget elementor-widget-heading\" data-id=\"5d5fe67\" data-element_type=\"widget\" data-widget_type=\"heading.default\">\n\t\t\t\t<div class=\"elementor-widget-container\">\n\t\t\t\t\t<h1 class=\"elementor-heading-title elementor-size-default\">Zirce<\/h1>\t\t\t\t<\/div>\n\t\t\t\t<\/div>\n\t\t\t\t<div class=\"elementor-element elementor-element-da23b61 elementor-widget elementor-widget-text-editor\" data-id=\"da23b61\" data-element_type=\"widget\" data-widget_type=\"text-editor.default\">\n\t\t\t\t<div class=\"elementor-widget-container\">\n\t\t\t\t\t\t\t\t\t<p>La soluci\u00f3n \u00fanica para obtener una estrategia de comunicaci\u00f3n y creatividad, producci\u00f3n audiovisual de bajo coste y servicio de atenci\u00f3n interactiva.<\/p>\t\t\t\t\t\t\t\t<\/div>\n\t\t\t\t<\/div>\n\t\t\t\t\t<\/div>\n\t\t<\/div>\n\t\t\t\t<div class=\"elementor-column elementor-col-50 elementor-top-column elementor-element elementor-element-cf4092b elementor-hidden-phone\" data-id=\"cf4092b\" data-element_type=\"column\">\n\t\t\t<div class=\"elementor-widget-wrap\">\n\t\t\t\t\t\t\t<\/div>\n\t\t<\/div>\n\t\t\t\t\t<\/div>\n\t\t<\/section>\n\t\t\t\t<section class=\"elementor-section elementor-top-section elementor-element elementor-element-52fd5f9 elementor-section-stretched elementor-section-full_width elementor-hidden-widescreen elementor-hidden-desktop elementor-hidden-laptop elementor-hidden-tablet_extra elementor-hidden-tablet elementor-hidden-mobile_extra elementor-hidden-mobile elementor-section-height-default elementor-section-height-default\" data-id=\"52fd5f9\" data-element_type=\"section\" data-settings=\"{&quot;stretch_section&quot;:&quot;section-stretched&quot;,&quot;background_background&quot;:&quot;video&quot;,&quot;background_video_link&quot;:&quot;https:\\\/\\\/sp2212316.wpengine.com\\\/wp-content\\\/uploads\\\/2023\\\/10\\\/WEBREELCALLCENTER-1.mp4&quot;,&quot;background_play_on_mobile&quot;:&quot;yes&quot;}\">\n\t\t\t\t\t\t\t\t<div class=\"elementor-background-video-container\">\n\t\t\t\t\t\t\t\t\t\t\t\t\t<video class=\"elementor-background-video-hosted\" autoplay muted playsinline loop><\/video>\n\t\t\t\t\t\t\t\t\t\t\t<\/div>\n\t\t\t\t\t\t\t\t\t<div class=\"elementor-background-overlay\"><\/div>\n\t\t\t\t\t\t\t<div class=\"elementor-container elementor-column-gap-default\">\n\t\t\t\t\t<div class=\"elementor-column elementor-col-50 elementor-top-column elementor-element elementor-element-921ab5f\" data-id=\"921ab5f\" data-element_type=\"column\" data-settings=\"{&quot;background_background&quot;:&quot;classic&quot;}\">\n\t\t\t<div class=\"elementor-widget-wrap elementor-element-populated\">\n\t\t\t\t\t\t<div class=\"elementor-element elementor-element-2635abc hero-h1 elementor-widget elementor-widget-heading\" data-id=\"2635abc\" data-element_type=\"widget\" data-widget_type=\"heading.default\">\n\t\t\t\t<div class=\"elementor-widget-container\">\n\t\t\t\t\t<h1 class=\"elementor-heading-title elementor-size-default\">Hacemos producci\u00f3n audiovisual y videoventa online<\/h1>\t\t\t\t<\/div>\n\t\t\t\t<\/div>\n\t\t\t\t<div class=\"elementor-element elementor-element-cd5c22f elementor-widget elementor-widget-text-editor\" data-id=\"cd5c22f\" data-element_type=\"widget\" data-widget_type=\"text-editor.default\">\n\t\t\t\t<div class=\"elementor-widget-container\">\n\t\t\t\t\t\t\t\t\t<p>Ofrecemos un nuevo concepto de producci\u00f3n audiovisual. Garantizamos la calidad m\u00e1xima con precios mucho m\u00e1s razonables de los que hasta ahora ofrec\u00edan las productoras tradicionales. Y somos especialistas y pioneros en la video-venta en directo, el fen\u00f3meno que est\u00e1 transformando la forma de conseguir resultados excepcionales en TV e Internet.<\/p>\t\t\t\t\t\t\t\t<\/div>\n\t\t\t\t<\/div>\n\t\t\t\t<div class=\"elementor-element elementor-element-8ab45e4 elementor-mobile-align-center button1 elementor-align-left elementor-widget elementor-widget-button\" data-id=\"8ab45e4\" data-element_type=\"widget\" data-widget_type=\"button.default\">\n\t\t\t\t<div class=\"elementor-widget-container\">\n\t\t\t\t\t\t\t\t\t<div class=\"elementor-button-wrapper\">\n\t\t\t\t\t<a class=\"elementor-button elementor-button-link elementor-size-sm\" href=\"https:\/\/sp2212316.wpengine.com\/contactar\/\">\n\t\t\t\t\t\t<span class=\"elementor-button-content-wrapper\">\n\t\t\t\t\t\t\t\t\t<span class=\"elementor-button-text\">CONTACTAR<\/span>\n\t\t\t\t\t<\/span>\n\t\t\t\t\t<\/a>\n\t\t\t\t<\/div>\n\t\t\t\t\t\t\t\t<\/div>\n\t\t\t\t<\/div>\n\t\t\t\t\t<\/div>\n\t\t<\/div>\n\t\t\t\t<div class=\"elementor-column elementor-col-50 elementor-top-column elementor-element elementor-element-4e15ef2 elementor-hidden-phone\" data-id=\"4e15ef2\" data-element_type=\"column\">\n\t\t\t<div class=\"elementor-widget-wrap\">\n\t\t\t\t\t\t\t<\/div>\n\t\t<\/div>\n\t\t\t\t\t<\/div>\n\t\t<\/section>\n\t\t\t\t<section class=\"elementor-section elementor-top-section elementor-element elementor-element-9bea3f9 elementor-section-stretched elementor-section-full_width elementor-hidden-widescreen elementor-hidden-desktop elementor-hidden-laptop elementor-hidden-tablet_extra elementor-hidden-tablet elementor-hidden-mobile_extra elementor-hidden-mobile elementor-section-height-default elementor-section-height-default\" data-id=\"9bea3f9\" data-element_type=\"section\" data-settings=\"{&quot;stretch_section&quot;:&quot;section-stretched&quot;,&quot;background_background&quot;:&quot;classic&quot;}\">\n\t\t\t\t\t\t\t<div class=\"elementor-background-overlay\"><\/div>\n\t\t\t\t\t\t\t<div class=\"elementor-container elementor-column-gap-default\">\n\t\t\t\t\t<div class=\"elementor-column elementor-col-50 elementor-top-column elementor-element elementor-element-6a51b5c\" data-id=\"6a51b5c\" data-element_type=\"column\" data-settings=\"{&quot;background_background&quot;:&quot;classic&quot;}\">\n\t\t\t<div class=\"elementor-widget-wrap elementor-element-populated\">\n\t\t\t\t\t\t<div class=\"elementor-element elementor-element-8de9d8f hero-h1 elementor-widget elementor-widget-heading\" data-id=\"8de9d8f\" data-element_type=\"widget\" data-widget_type=\"heading.default\">\n\t\t\t\t<div class=\"elementor-widget-container\">\n\t\t\t\t\t<h1 class=\"elementor-heading-title elementor-size-default\">Desarrollamos estrategias de comunicaci\u00f3n y creatividad<\/h1>\t\t\t\t<\/div>\n\t\t\t\t<\/div>\n\t\t\t\t<div class=\"elementor-element elementor-element-7b43673 elementor-widget elementor-widget-text-editor\" data-id=\"7b43673\" data-element_type=\"widget\" data-widget_type=\"text-editor.default\">\n\t\t\t\t<div class=\"elementor-widget-container\">\n\t\t\t\t\t\t\t\t\t<p>\u00abNo es bonito si no vende\u00bb, esa es nuestra forma de pensar y crear. Definimos estrategias de comunicaci\u00f3n y promoci\u00f3n capaces de generar resultados rentables. Y no aceptamos otra creatividad que la que resulta coherente con el objetivo de vender. Huimos del narcisismo creativo que infecta el trabajo de las agencias tradicionales. Pensamos y creamos con un \u00fanico objetivo: vender.<\/p>\t\t\t\t\t\t\t\t<\/div>\n\t\t\t\t<\/div>\n\t\t\t\t<div class=\"elementor-element elementor-element-6a4db61 elementor-mobile-align-center button1 elementor-align-left elementor-widget elementor-widget-button\" data-id=\"6a4db61\" data-element_type=\"widget\" data-widget_type=\"button.default\">\n\t\t\t\t<div class=\"elementor-widget-container\">\n\t\t\t\t\t\t\t\t\t<div class=\"elementor-button-wrapper\">\n\t\t\t\t\t<a class=\"elementor-button elementor-button-link elementor-size-sm\" href=\"https:\/\/sp2212316.wpengine.com\/contactar\/\">\n\t\t\t\t\t\t<span class=\"elementor-button-content-wrapper\">\n\t\t\t\t\t\t\t\t\t<span class=\"elementor-button-text\">CONTACTAR<\/span>\n\t\t\t\t\t<\/span>\n\t\t\t\t\t<\/a>\n\t\t\t\t<\/div>\n\t\t\t\t\t\t\t\t<\/div>\n\t\t\t\t<\/div>\n\t\t\t\t\t<\/div>\n\t\t<\/div>\n\t\t\t\t<div class=\"elementor-column elementor-col-50 elementor-top-column elementor-element elementor-element-437da6d elementor-hidden-phone\" data-id=\"437da6d\" data-element_type=\"column\">\n\t\t\t<div class=\"elementor-widget-wrap\">\n\t\t\t\t\t\t\t<\/div>\n\t\t<\/div>\n\t\t\t\t\t<\/div>\n\t\t<\/section>\n\t\t\t\t<section class=\"elementor-section elementor-top-section elementor-element elementor-element-4326f4d elementor-section-stretched elementor-section-full_width elementor-hidden-widescreen elementor-hidden-desktop elementor-hidden-laptop elementor-hidden-tablet_extra elementor-hidden-tablet elementor-hidden-mobile_extra elementor-hidden-mobile elementor-section-height-default elementor-section-height-default\" data-id=\"4326f4d\" data-element_type=\"section\" data-settings=\"{&quot;stretch_section&quot;:&quot;section-stretched&quot;,&quot;background_background&quot;:&quot;classic&quot;}\">\n\t\t\t\t\t\t\t<div class=\"elementor-background-overlay\"><\/div>\n\t\t\t\t\t\t\t<div class=\"elementor-container elementor-column-gap-default\">\n\t\t\t\t\t<div class=\"elementor-column elementor-col-50 elementor-top-column elementor-element elementor-element-065bcb1\" data-id=\"065bcb1\" data-element_type=\"column\" data-settings=\"{&quot;background_background&quot;:&quot;classic&quot;}\">\n\t\t\t<div class=\"elementor-widget-wrap elementor-element-populated\">\n\t\t\t\t\t\t<div class=\"elementor-element elementor-element-b5f2f5e hero-h1 elementor-widget elementor-widget-heading\" data-id=\"b5f2f5e\" data-element_type=\"widget\" data-widget_type=\"heading.default\">\n\t\t\t\t<div class=\"elementor-widget-container\">\n\t\t\t\t\t<h1 class=\"elementor-heading-title elementor-size-default\">Ofrecemos servicios de atenci\u00f3n interactiva<\/h1>\t\t\t\t<\/div>\n\t\t\t\t<\/div>\n\t\t\t\t<div class=\"elementor-element elementor-element-da3356d elementor-widget elementor-widget-text-editor\" data-id=\"da3356d\" data-element_type=\"widget\" data-widget_type=\"text-editor.default\">\n\t\t\t\t<div class=\"elementor-widget-container\">\n\t\t\t\t\t\t\t\t\tNo nos conformamos con pensar, crear y comunicar para vender. Damos un paso m\u00e1s e integramos un equipo humano experto para cerrar el mayor n\u00famero posible de operaciones. Ofrecemos call center, chat center y atenci\u00f3n al cliente. Y, en todos los casos, con un modelo de contrataci\u00f3n y facturaci\u00f3n flexible, asignando recursos por horas, d\u00edas o meses, seg\u00fan requiera el cliente.\t\t\t\t\t\t\t\t<\/div>\n\t\t\t\t<\/div>\n\t\t\t\t<div class=\"elementor-element elementor-element-982d37e elementor-mobile-align-center button1 elementor-align-left elementor-widget elementor-widget-button\" data-id=\"982d37e\" data-element_type=\"widget\" data-widget_type=\"button.default\">\n\t\t\t\t<div class=\"elementor-widget-container\">\n\t\t\t\t\t\t\t\t\t<div class=\"elementor-button-wrapper\">\n\t\t\t\t\t<a class=\"elementor-button elementor-button-link elementor-size-sm\" href=\"https:\/\/sp2212316.wpengine.com\/contactar\/\">\n\t\t\t\t\t\t<span class=\"elementor-button-content-wrapper\">\n\t\t\t\t\t\t\t\t\t<span class=\"elementor-button-text\">CONTACTAR<\/span>\n\t\t\t\t\t<\/span>\n\t\t\t\t\t<\/a>\n\t\t\t\t<\/div>\n\t\t\t\t\t\t\t\t<\/div>\n\t\t\t\t<\/div>\n\t\t\t\t\t<\/div>\n\t\t<\/div>\n\t\t\t\t<div class=\"elementor-column elementor-col-50 elementor-top-column elementor-element elementor-element-d788daa elementor-hidden-phone\" data-id=\"d788daa\" data-element_type=\"column\">\n\t\t\t<div class=\"elementor-widget-wrap\">\n\t\t\t\t\t\t\t<\/div>\n\t\t<\/div>\n\t\t\t\t\t<\/div>\n\t\t<\/section>\n\t\t\t\t<\/div>\n\t\t","protected":false},"excerpt":{"rendered":"<p>Zirce La soluci\u00f3n \u00fanica para obtener una estrategia de comunicaci\u00f3n y creatividad, producci\u00f3n audiovisual de bajo coste y servicio de atenci\u00f3n interactiva. Hacemos producci\u00f3n audiovisual y videoventa online Ofrecemos un nuevo concepto de producci\u00f3n audiovisual. Garantizamos la calidad m\u00e1xima con precios mucho m\u00e1s razonables de los que hasta ahora ofrec\u00edan las productoras tradicionales. Y somos [&hellip;]<\/p>\n","protected":false},"author":4,"featured_media":0,"parent":0,"menu_order":0,"comment_status":"closed","ping_status":"closed","template":"elementor_header_footer","meta":{"footnotes":""},"class_list":["post-4157","page","type-page","status-publish","hentry"],"yoast_head":"<!-- This site is optimized with the Yoast SEO plugin v24.4 - https:\/\/yoast.com\/wordpress\/plugins\/seo\/ -->\n<title>Estrategias de comunicaci\u00f3n | Espa\u00f1a | Zirce Servicios Globales<\/title>\n<meta name=\"description\" content=\"En Zirce Servicios Globales ofrecemos estrategias de comunicaci\u00f3n y creatividad junto con producci\u00f3n audiovisual en Espa\u00f1a. Ll\u00e1menos hoy mismo.\" \/>\n<meta name=\"robots\" content=\"noindex, follow, max-snippet:-1, max-image-preview:large, max-video-preview:-1\" \/>\n<meta property=\"og:locale\" content=\"es_ES\" \/>\n<meta property=\"og:type\" content=\"article\" \/>\n<meta property=\"og:title\" content=\"Estrategias de comunicaci\u00f3n | Espa\u00f1a | Zirce Servicios Globales\" \/>\n<meta property=\"og:description\" content=\"En Zirce Servicios Globales ofrecemos estrategias de comunicaci\u00f3n y creatividad junto con producci\u00f3n audiovisual en Espa\u00f1a. Ll\u00e1menos hoy mismo.\" \/>\n<meta property=\"og:url\" content=\"https:\/\/zirce.es\/\" \/>\n<meta property=\"og:site_name\" content=\"Hello Elementor\" \/>\n<meta property=\"article:modified_time\" content=\"2026-01-16T09:06:05+00:00\" \/>\n<meta name=\"twitter:card\" content=\"summary_large_image\" \/>\n<meta name=\"twitter:label1\" content=\"Tiempo de lectura\" \/>\n\t<meta name=\"twitter:data1\" content=\"1 minuto\" \/>\n<script type=\"application\/ld+json\" class=\"yoast-schema-graph\">{\"@context\":\"https:\/\/schema.org\",\"@graph\":[{\"@type\":\"WebPage\",\"@id\":\"https:\/\/zirce.es\/\",\"url\":\"https:\/\/zirce.es\/\",\"name\":\"Estrategias de comunicaci\u00f3n | Espa\u00f1a | Zirce Servicios Globales\",\"isPartOf\":{\"@id\":\"https:\/\/zirce.es\/#website\"},\"datePublished\":\"2023-10-04T13:37:54+00:00\",\"dateModified\":\"2026-01-16T09:06:05+00:00\",\"description\":\"En Zirce Servicios Globales ofrecemos estrategias de comunicaci\u00f3n y creatividad junto con producci\u00f3n audiovisual en Espa\u00f1a. Ll\u00e1menos hoy mismo.\",\"breadcrumb\":{\"@id\":\"https:\/\/zirce.es\/#breadcrumb\"},\"inLanguage\":\"es\",\"potentialAction\":[{\"@type\":\"ReadAction\",\"target\":[\"https:\/\/zirce.es\/\"]}]},{\"@type\":\"BreadcrumbList\",\"@id\":\"https:\/\/zirce.es\/#breadcrumb\",\"itemListElement\":[{\"@type\":\"ListItem\",\"position\":1,\"name\":\"Home\",\"item\":\"https:\/\/zirce.es\/\"},{\"@type\":\"ListItem\",\"position\":2,\"name\":\"LA SOLUCI\u00d3N INTEGRADA\"}]},{\"@type\":\"WebSite\",\"@id\":\"https:\/\/zirce.es\/#website\",\"url\":\"https:\/\/zirce.es\/\",\"name\":\"Hello Elementor\",\"description\":\"\",\"publisher\":{\"@id\":\"https:\/\/zirce.es\/#organization\"},\"potentialAction\":[{\"@type\":\"SearchAction\",\"target\":{\"@type\":\"EntryPoint\",\"urlTemplate\":\"https:\/\/zirce.es\/?s={search_term_string}\"},\"query-input\":{\"@type\":\"PropertyValueSpecification\",\"valueRequired\":true,\"valueName\":\"search_term_string\"}}],\"inLanguage\":\"es\"},{\"@type\":\"Organization\",\"@id\":\"https:\/\/zirce.es\/#organization\",\"name\":\"Hello Elementor\",\"url\":\"https:\/\/zirce.es\/\",\"logo\":{\"@type\":\"ImageObject\",\"inLanguage\":\"es\",\"@id\":\"https:\/\/zirce.es\/#\/schema\/logo\/image\/\",\"url\":\"https:\/\/zirce.es\/wp-content\/uploads\/2020\/08\/generic_logo.svg\",\"contentUrl\":\"https:\/\/zirce.es\/wp-content\/uploads\/2020\/08\/generic_logo.svg\",\"caption\":\"Hello Elementor\"},\"image\":{\"@id\":\"https:\/\/zirce.es\/#\/schema\/logo\/image\/\"}}]}<\/script>\n<!-- \/ Yoast SEO plugin. -->","yoast_head_json":{"title":"Estrategias de comunicaci\u00f3n | Espa\u00f1a | Zirce Servicios Globales","description":"En Zirce Servicios Globales ofrecemos estrategias de comunicaci\u00f3n y creatividad junto con producci\u00f3n audiovisual en Espa\u00f1a. Ll\u00e1menos hoy mismo.","robots":{"index":"noindex","follow":"follow","max-snippet":"max-snippet:-1","max-image-preview":"max-image-preview:large","max-video-preview":"max-video-preview:-1"},"og_locale":"es_ES","og_type":"article","og_title":"Estrategias de comunicaci\u00f3n | Espa\u00f1a | Zirce Servicios Globales","og_description":"En Zirce Servicios Globales ofrecemos estrategias de comunicaci\u00f3n y creatividad junto con producci\u00f3n audiovisual en Espa\u00f1a. Ll\u00e1menos hoy mismo.","og_url":"https:\/\/zirce.es\/","og_site_name":"Hello Elementor","article_modified_time":"2026-01-16T09:06:05+00:00","twitter_card":"summary_large_image","twitter_misc":{"Tiempo de lectura":"1 minuto"},"schema":{"@context":"https:\/\/schema.org","@graph":[{"@type":"WebPage","@id":"https:\/\/zirce.es\/","url":"https:\/\/zirce.es\/","name":"Estrategias de comunicaci\u00f3n | Espa\u00f1a | Zirce Servicios Globales","isPartOf":{"@id":"https:\/\/zirce.es\/#website"},"datePublished":"2023-10-04T13:37:54+00:00","dateModified":"2026-01-16T09:06:05+00:00","description":"En Zirce Servicios Globales ofrecemos estrategias de comunicaci\u00f3n y creatividad junto con producci\u00f3n audiovisual en Espa\u00f1a. Ll\u00e1menos hoy mismo.","breadcrumb":{"@id":"https:\/\/zirce.es\/#breadcrumb"},"inLanguage":"es","potentialAction":[{"@type":"ReadAction","target":["https:\/\/zirce.es\/"]}]},{"@type":"BreadcrumbList","@id":"https:\/\/zirce.es\/#breadcrumb","itemListElement":[{"@type":"ListItem","position":1,"name":"Home","item":"https:\/\/zirce.es\/"},{"@type":"ListItem","position":2,"name":"LA SOLUCI\u00d3N INTEGRADA"}]},{"@type":"WebSite","@id":"https:\/\/zirce.es\/#website","url":"https:\/\/zirce.es\/","name":"Hello Elementor","description":"","publisher":{"@id":"https:\/\/zirce.es\/#organization"},"potentialAction":[{"@type":"SearchAction","target":{"@type":"EntryPoint","urlTemplate":"https:\/\/zirce.es\/?s={search_term_string}"},"query-input":{"@type":"PropertyValueSpecification","valueRequired":true,"valueName":"search_term_string"}}],"inLanguage":"es"},{"@type":"Organization","@id":"https:\/\/zirce.es\/#organization","name":"Hello Elementor","url":"https:\/\/zirce.es\/","logo":{"@type":"ImageObject","inLanguage":"es","@id":"https:\/\/zirce.es\/#\/schema\/logo\/image\/","url":"https:\/\/zirce.es\/wp-content\/uploads\/2020\/08\/generic_logo.svg","contentUrl":"https:\/\/zirce.es\/wp-content\/uploads\/2020\/08\/generic_logo.svg","caption":"Hello Elementor"},"image":{"@id":"https:\/\/zirce.es\/#\/schema\/logo\/image\/"}}]}},"_links":{"self":[{"href":"https:\/\/zirce.es\/index.php?rest_route=\/wp\/v2\/pages\/4157","targetHints":{"allow":["GET"]}}],"collection":[{"href":"https:\/\/zirce.es\/index.php?rest_route=\/wp\/v2\/pages"}],"about":[{"href":"https:\/\/zirce.es\/index.php?rest_route=\/wp\/v2\/types\/page"}],"author":[{"embeddable":true,"href":"https:\/\/zirce.es\/index.php?rest_route=\/wp\/v2\/users\/4"}],"replies":[{"embeddable":true,"href":"https:\/\/zirce.es\/index.php?rest_route=%2Fwp%2Fv2%2Fcomments&post=4157"}],"version-history":[{"count":3,"href":"https:\/\/zirce.es\/index.php?rest_route=\/wp\/v2\/pages\/4157\/revisions"}],"predecessor-version":[{"id":4274,"href":"https:\/\/zirce.es\/index.php?rest_route=\/wp\/v2\/pages\/4157\/revisions\/4274"}],"wp:attachment":[{"href":"https:\/\/zirce.es\/index.php?rest_route=%2Fwp%2Fv2%2Fmedia&parent=4157"}],"curies":[{"name":"wp","href":"https:\/\/api.w.org\/{rel}","templated":true}]}}